{"id":51,"date":"2024-11-09T17:28:20","date_gmt":"2024-11-09T17:28:20","guid":{"rendered":"http:\/\/immaginedelmito.com\/?page_id=51"},"modified":"2025-10-26T11:37:06","modified_gmt":"2025-10-26T11:37:06","slug":"chi-siamo","status":"publish","type":"page","link":"http:\/\/immaginedelmito.com\/?page_id=51","title":{"rendered":"Chi siamo"},"content":{"rendered":"\t\t<div data-elementor-type=\"wp-page\" data-elementor-id=\"51\" class=\"elementor elementor-51\">\n\t\t\t\t<div class=\"elementor-element elementor-element-bdca0c0 e-flex e-con-boxed e-con e-parent\" data-id=\"bdca0c0\" data-element_type=\"container\">\n\t\t\t\t\t<div class=\"e-con-inner\">\n\t\t\t\t<div class=\"elementor-element elementor-element-e7791a2 elementor-widget elementor-widget-heading\" data-id=\"e7791a2\" data-element_type=\"widget\" data-widget_type=\"heading.default\">\n\t\t\t\t<div class=\"elementor-widget-container\">\n\t\t\t\t\t<h2 class=\"elementor-heading-title elementor-size-default\">ABOUT US<\/h2>\t\t\t\t<\/div>\n\t\t\t\t<\/div>\n\t\t\t\t\t<\/div>\n\t\t\t\t<\/div>\n\t\t<div class=\"elementor-element elementor-element-cbee5af e-flex e-con-boxed e-con e-parent\" data-id=\"cbee5af\" data-element_type=\"container\" data-settings=\"{&quot;background_background&quot;:&quot;classic&quot;}\">\n\t\t\t\t\t<div class=\"e-con-inner\">\n\t\t<div class=\"elementor-element elementor-element-3912999 e-con-full e-flex e-con e-child\" data-id=\"3912999\" data-element_type=\"container\">\n\t\t\t\t<div class=\"elementor-element elementor-element-bb7bb4a elementor-widget elementor-widget-image\" data-id=\"bb7bb4a\" data-element_type=\"widget\" data-widget_type=\"image.default\">\n\t\t\t\t<div class=\"elementor-widget-container\">\n\t\t\t\t\t\t\t\t\t\t\t\t\t\t\t<img fetchpriority=\"high\" decoding=\"async\" width=\"1024\" height=\"768\" src=\"http:\/\/immaginedelmito.com\/wp-content\/uploads\/2025\/05\/IMG_7190-1024x768.jpg\" class=\"attachment-large size-large wp-image-145\" alt=\"\" srcset=\"http:\/\/immaginedelmito.com\/wp-content\/uploads\/2025\/05\/IMG_7190-1024x768.jpg 1024w, http:\/\/immaginedelmito.com\/wp-content\/uploads\/2025\/05\/IMG_7190-300x225.jpg 300w, http:\/\/immaginedelmito.com\/wp-content\/uploads\/2025\/05\/IMG_7190-768x576.jpg 768w, http:\/\/immaginedelmito.com\/wp-content\/uploads\/2025\/05\/IMG_7190-1536x1152.jpg 1536w, http:\/\/immaginedelmito.com\/wp-content\/uploads\/2025\/05\/IMG_7190.jpg 2048w\" sizes=\"(max-width: 1024px) 100vw, 1024px\" \/>\t\t\t\t\t\t\t\t\t\t\t\t\t\t\t<\/div>\n\t\t\t\t<\/div>\n\t\t\t\t<\/div>\n\t\t<div class=\"elementor-element elementor-element-3324ad8 e-con-full e-flex e-con e-child\" data-id=\"3324ad8\" data-element_type=\"container\">\n\t\t\t\t<div class=\"elementor-element elementor-element-997643a elementor-widget elementor-widget-heading\" data-id=\"997643a\" data-element_type=\"widget\" data-widget_type=\"heading.default\">\n\t\t\t\t<div class=\"elementor-widget-container\">\n\t\t\t\t\t<h2 class=\"elementor-heading-title elementor-size-default\">L'associazione \n<\/h2>\t\t\t\t<\/div>\n\t\t\t\t<\/div>\n\t\t\t\t<div class=\"elementor-element elementor-element-fd5c31c elementor-widget elementor-widget-text-editor\" data-id=\"fd5c31c\" data-element_type=\"widget\" data-widget_type=\"text-editor.default\">\n\t\t\t\t<div class=\"elementor-widget-container\">\n\t\t\t\t\t\t\t\t\t<p><em>Immagine del Mito<\/em>\u00a0\u00e8 un&#8217;associazione con sede a Napoli, nata per perseguire finalit\u00e0 civiche, solidaristiche e di utilit\u00e0 sociale. Siamo impegnati a preservare, promuovere e valorizzare il patrimonio culturale e naturale dei Campi Flegrei attraverso attivit\u00e0 di interesse generale che spaziano dall\u2019educazione e formazione culturale, alla promozione del turismo sociale e della cultura, fino alla tutela ambientale. Operiamo come ente del Terzo Settore, senza scopo di lucro, destinando ogni risorsa al perseguimento dei nostri obiettivi istituzionali.<\/p>\t\t\t\t\t\t\t\t<\/div>\n\t\t\t\t<\/div>\n\t\t\t\t<\/div>\n\t\t\t\t\t<\/div>\n\t\t\t\t<\/div>\n\t\t<div class=\"elementor-element elementor-element-0aaded0 e-flex e-con-boxed e-con e-parent\" data-id=\"0aaded0\" data-element_type=\"container\" data-settings=\"{&quot;background_background&quot;:&quot;classic&quot;}\">\n\t\t\t\t\t<div class=\"e-con-inner\">\n\t\t<div class=\"elementor-element elementor-element-9afaa36 e-con-full e-flex e-con e-child\" data-id=\"9afaa36\" data-element_type=\"container\">\n\t\t\t\t<div class=\"elementor-element elementor-element-ddefbe8 elementor-widget elementor-widget-text-editor\" data-id=\"ddefbe8\" data-element_type=\"widget\" data-widget_type=\"text-editor.default\">\n\t\t\t\t<div class=\"elementor-widget-container\">\n\t\t\t\t\t\t\t\t\t<p>La missione di <em>Immagine del Mito <\/em>\u00e8 diffondere la conoscenza e la consapevolezza del patrimonio storico, culturale e naturale dei Campi Flegrei, offrendo esperienze e iniziative educative accessibili a tutti. Attraverso la nostra attivit\u00e0, promuoviamo l\u2019inclusione sociale, la solidariet\u00e0 e la tutela dell\u2019ambiente, impegnandoci a garantire un turismo responsabile e sostenibile. Ogni nostra azione mira a favorire il miglioramento della qualit\u00e0 della vita locale e a preservare le risorse culturali e naturali, affinch\u00e9 possano essere godute e apprezzate dalle generazioni future.<\/p>\t\t\t\t\t\t\t\t<\/div>\n\t\t\t\t<\/div>\n\t\t\t\t<\/div>\n\t\t<div class=\"elementor-element elementor-element-203ca56 e-con-full e-flex e-con e-child\" data-id=\"203ca56\" data-element_type=\"container\">\n\t\t\t\t<div class=\"elementor-element elementor-element-d35460a elementor-hidden-mobile elementor-widget elementor-widget-heading\" data-id=\"d35460a\" data-element_type=\"widget\" data-widget_type=\"heading.default\">\n\t\t\t\t<div class=\"elementor-widget-container\">\n\t\t\t\t\t<h2 class=\"elementor-heading-title elementor-size-default\">Mission \n&amp;  Obiettivi<\/h2>\t\t\t\t<\/div>\n\t\t\t\t<\/div>\n\t\t\t\t<\/div>\n\t\t\t\t\t<\/div>\n\t\t\t\t<\/div>\n\t\t<div class=\"elementor-element elementor-element-1ccc359 e-flex e-con-boxed e-con e-parent\" data-id=\"1ccc359\" data-element_type=\"container\" data-settings=\"{&quot;background_background&quot;:&quot;classic&quot;}\">\n\t\t\t\t\t<div class=\"e-con-inner\">\n\t\t<div class=\"elementor-element elementor-element-64bdfa4 e-con-full e-flex e-con e-child\" data-id=\"64bdfa4\" data-element_type=\"container\">\n\t\t\t\t<div class=\"elementor-element elementor-element-be5edd0 elementor-widget elementor-widget-heading\" data-id=\"be5edd0\" data-element_type=\"widget\" data-widget_type=\"heading.default\">\n\t\t\t\t<div class=\"elementor-widget-container\">\n\t\t\t\t\t<h2 class=\"elementor-heading-title elementor-size-default\">Il nostro Team<\/h2>\t\t\t\t<\/div>\n\t\t\t\t<\/div>\n\t\t\t\t<\/div>\n\t\t<div class=\"elementor-element elementor-element-e2c5873 e-con-full e-flex e-con e-child\" data-id=\"e2c5873\" data-element_type=\"container\">\n\t\t\t\t<div class=\"elementor-element elementor-element-05c6274 elementor-widget elementor-widget-text-editor\" data-id=\"05c6274\" data-element_type=\"widget\" data-widget_type=\"text-editor.default\">\n\t\t\t\t<div class=\"elementor-widget-container\">\n\t\t\t\t\t\t\t\t\t<p>Il team di <em>Immagine del Mito<\/em> \u00e8 composto da soci e volontari che mettono a disposizione le loro competenze per far crescere l\u2019associazione e realizzare le sue attivit\u00e0. Ogni membro contribuisce con entusiasmo e professionalit\u00e0 alla gestione delle iniziative, dalla progettazione di percorsi culturali alla promozione di eventi educativi e sociali. Siamo uniti dal desiderio di creare un impatto positivo e duraturo sul territorio, rendendo le nostre attivit\u00e0 accessibili e significative per tutta la comunit\u00e0.<\/p>\t\t\t\t\t\t\t\t<\/div>\n\t\t\t\t<\/div>\n\t\t\t\t<\/div>\n\t\t<div class=\"elementor-element elementor-element-64b397c e-con-full e-flex e-con e-child\" data-id=\"64b397c\" data-element_type=\"container\">\n\t\t\t\t<div class=\"elementor-element elementor-element-87f7262 elementor-widget elementor-widget-image\" data-id=\"87f7262\" data-element_type=\"widget\" data-widget_type=\"image.default\">\n\t\t\t\t<div class=\"elementor-widget-container\">\n\t\t\t\t\t\t\t\t\t\t\t\t\t\t\t<img decoding=\"async\" width=\"150\" height=\"150\" src=\"http:\/\/immaginedelmito.com\/wp-content\/uploads\/2024\/11\/attilio-montefusco-01-1-300x300-1-150x150.png\" class=\"attachment-thumbnail size-thumbnail wp-image-69\" alt=\"\" srcset=\"http:\/\/immaginedelmito.com\/wp-content\/uploads\/2024\/11\/attilio-montefusco-01-1-300x300-1-150x150.png 150w, http:\/\/immaginedelmito.com\/wp-content\/uploads\/2024\/11\/attilio-montefusco-01-1-300x300-1.png 300w\" sizes=\"(max-width: 150px) 100vw, 150px\" \/>\t\t\t\t\t\t\t\t\t\t\t\t\t\t\t<\/div>\n\t\t\t\t<\/div>\n\t\t\t\t<div class=\"elementor-element elementor-element-5c88ba9 elementor-widget elementor-widget-heading\" data-id=\"5c88ba9\" data-element_type=\"widget\" data-widget_type=\"heading.default\">\n\t\t\t\t<div class=\"elementor-widget-container\">\n\t\t\t\t\t<h2 class=\"elementor-heading-title elementor-size-default\">Attilio Montefusco<\/h2>\t\t\t\t<\/div>\n\t\t\t\t<\/div>\n\t\t\t\t<div class=\"elementor-element elementor-element-b84539a elementor-widget elementor-widget-text-editor\" data-id=\"b84539a\" data-element_type=\"widget\" data-widget_type=\"text-editor.default\">\n\t\t\t\t<div class=\"elementor-widget-container\">\n\t\t\t\t\t\t\t\t\t<p>Presidente<\/p>\t\t\t\t\t\t\t\t<\/div>\n\t\t\t\t<\/div>\n\t\t\t\t<\/div>\n\t\t<div class=\"elementor-element elementor-element-f2e988e e-con-full e-flex e-con e-child\" data-id=\"f2e988e\" data-element_type=\"container\">\n\t\t\t\t<div class=\"elementor-element elementor-element-685757f elementor-widget elementor-widget-image\" data-id=\"685757f\" data-element_type=\"widget\" data-widget_type=\"image.default\">\n\t\t\t\t<div class=\"elementor-widget-container\">\n\t\t\t\t\t\t\t\t\t\t\t\t\t\t\t<img decoding=\"async\" width=\"150\" height=\"150\" src=\"http:\/\/immaginedelmito.com\/wp-content\/uploads\/2024\/11\/1548773644241-1-150x150.jpg\" class=\"attachment-thumbnail size-thumbnail wp-image-71\" alt=\"\" srcset=\"http:\/\/immaginedelmito.com\/wp-content\/uploads\/2024\/11\/1548773644241-1-150x150.jpg 150w, http:\/\/immaginedelmito.com\/wp-content\/uploads\/2024\/11\/1548773644241-1-rotated.jpg 200w\" sizes=\"(max-width: 150px) 100vw, 150px\" \/>\t\t\t\t\t\t\t\t\t\t\t\t\t\t\t<\/div>\n\t\t\t\t<\/div>\n\t\t\t\t<div class=\"elementor-element elementor-element-6af1005 elementor-widget elementor-widget-heading\" data-id=\"6af1005\" data-element_type=\"widget\" data-widget_type=\"heading.default\">\n\t\t\t\t<div class=\"elementor-widget-container\">\n\t\t\t\t\t<h2 class=\"elementor-heading-title elementor-size-default\">Sergio Pepicelli<\/h2>\t\t\t\t<\/div>\n\t\t\t\t<\/div>\n\t\t\t\t<div class=\"elementor-element elementor-element-d2c002f elementor-widget elementor-widget-text-editor\" data-id=\"d2c002f\" data-element_type=\"widget\" data-widget_type=\"text-editor.default\">\n\t\t\t\t<div class=\"elementor-widget-container\">\n\t\t\t\t\t\t\t\t\t<p>Vice Presidente<\/p>\t\t\t\t\t\t\t\t<\/div>\n\t\t\t\t<\/div>\n\t\t\t\t<\/div>\n\t\t\t\t\t<\/div>\n\t\t\t\t<\/div>\n\t\t<div class=\"elementor-element elementor-element-c9a63d6 e-flex e-con-boxed e-con e-parent\" data-id=\"c9a63d6\" data-element_type=\"container\" data-settings=\"{&quot;background_background&quot;:&quot;classic&quot;}\">\n\t\t\t\t\t<div class=\"e-con-inner\">\n\t\t<div class=\"elementor-element elementor-element-4e6a4aa e-con-full e-flex e-con e-child\" data-id=\"4e6a4aa\" data-element_type=\"container\">\n\t\t\t\t<div class=\"elementor-element elementor-element-01f87c3 elementor-hidden-desktop elementor-widget elementor-widget-heading\" data-id=\"01f87c3\" data-element_type=\"widget\" data-widget_type=\"heading.default\">\n\t\t\t\t<div class=\"elementor-widget-container\">\n\t\t\t\t\t<h2 class=\"elementor-heading-title elementor-size-default\">La festa del Mandarino dei Campi Flegrei<\/h2>\t\t\t\t<\/div>\n\t\t\t\t<\/div>\n\t\t\t\t<div class=\"elementor-element elementor-element-0e28847 elementor-widget elementor-widget-text-editor\" data-id=\"0e28847\" data-element_type=\"widget\" data-widget_type=\"text-editor.default\">\n\t\t\t\t<div class=\"elementor-widget-container\">\n\t\t\t\t\t\t\t\t\t<p>Nel corso degli anni, <em>Immagine del Mito<\/em> ha guadagnato un nome consolidato nel territorio grazie al costante impegno nella valorizzazione del Mandarino dei Campi Flegrei. Per 11 anni consecutivi, l\u2019associazione ha organizzato la &#8220;Festa del Mandarino dei Campi Flegrei&#8221;, un evento che coinvolge produttori locali e promuove la conoscenza di prodotti a base di mandarino. Questa iniziativa ha contribuito a far conoscere il territorio, rafforzando i legami con la comunit\u00e0 e ottenendo stima e patrocini dai comuni della zona. Il nostro lavoro va oltre l\u2019organizzazione di eventi, coinvolgendo la comunit\u00e0 attraverso attivit\u00e0 culturali e progetti che incentivano il rispetto per il territorio e per le sue tradizioni.<\/p>\t\t\t\t\t\t\t\t<\/div>\n\t\t\t\t<\/div>\n\t\t\t\t<div class=\"elementor-element elementor-element-308008d elementor-align-left elementor-mobile-align-center elementor-widget elementor-widget-button\" data-id=\"308008d\" data-element_type=\"widget\" data-widget_type=\"button.default\">\n\t\t\t\t<div class=\"elementor-widget-container\">\n\t\t\t\t\t\t\t\t\t<div class=\"elementor-button-wrapper\">\n\t\t\t\t\t<a class=\"elementor-button elementor-button-link elementor-size-sm\" href=\"http:\/\/immaginedelmito.com\/?page_id=53\">\n\t\t\t\t\t\t<span class=\"elementor-button-content-wrapper\">\n\t\t\t\t\t\t\t\t\t<span class=\"elementor-button-text\">SCOPRI GLI EVENTI!<\/span>\n\t\t\t\t\t<\/span>\n\t\t\t\t\t<\/a>\n\t\t\t\t<\/div>\n\t\t\t\t\t\t\t\t<\/div>\n\t\t\t\t<\/div>\n\t\t\t\t<\/div>\n\t\t<div class=\"elementor-element elementor-element-7f5fd7f e-con-full e-flex e-con e-child\" data-id=\"7f5fd7f\" data-element_type=\"container\">\n\t\t\t\t<div class=\"elementor-element elementor-element-eb34469 elementor-hidden-mobile elementor-widget elementor-widget-heading\" data-id=\"eb34469\" data-element_type=\"widget\" data-widget_type=\"heading.default\">\n\t\t\t\t<div class=\"elementor-widget-container\">\n\t\t\t\t\t<h2 class=\"elementor-heading-title elementor-size-default\">Impegno pluriennale<\/h2>\t\t\t\t<\/div>\n\t\t\t\t<\/div>\n\t\t\t\t<div class=\"elementor-element elementor-element-829ff1b elementor-hidden-mobile elementor-widget-divider--view-line elementor-widget elementor-widget-divider\" data-id=\"829ff1b\" data-element_type=\"widget\" data-widget_type=\"divider.default\">\n\t\t\t\t<div class=\"elementor-widget-container\">\n\t\t\t\t\t\t\t<div class=\"elementor-divider\">\n\t\t\t<span class=\"elementor-divider-separator\">\n\t\t\t\t\t\t<\/span>\n\t\t<\/div>\n\t\t\t\t\t\t<\/div>\n\t\t\t\t<\/div>\n\t\t\t\t<div class=\"elementor-element elementor-element-3781866 elementor-hidden-mobile elementor-widget elementor-widget-heading\" data-id=\"3781866\" data-element_type=\"widget\" data-widget_type=\"heading.default\">\n\t\t\t\t<div class=\"elementor-widget-container\">\n\t\t\t\t\t<h2 class=\"elementor-heading-title elementor-size-default\">La festa del Mandarino dei Campi Flegrei<\/h2>\t\t\t\t<\/div>\n\t\t\t\t<\/div>\n\t\t\t\t<\/div>\n\t\t\t\t\t<\/div>\n\t\t\t\t<\/div>\n\t\t\t\t<\/div>\n\t\t","protected":false},"excerpt":{"rendered":"<p>ABOUT US L&#8217;associazione L&#8217;Immagine del Mito\u00a0\u00e8 un&#8217;associazione con sede a Napoli, nata per perseguire finalit\u00e0 civiche, solidaristiche e di utilit\u00e0 [&hellip;]<\/p>\n","protected":false},"author":1,"featured_media":0,"parent":0,"menu_order":0,"comment_status":"closed","ping_status":"closed","template":"elementor_header_footer","meta":{"site-sidebar-layout":"no-sidebar","site-content-layout":"","ast-site-content-layout":"full-width-container","site-content-style":"default","site-sidebar-style":"default","ast-global-header-display":"","ast-banner-title-visibility":"","ast-main-header-display":"","ast-hfb-above-header-display":"","ast-hfb-below-header-display":"","ast-hfb-mobile-header-display":"","site-post-title":"disabled","ast-breadcrumbs-content":"","ast-featured-img":"disabled","footer-sml-layout":"","theme-transparent-header-meta":"","adv-header-id-meta":"","stick-header-meta":"","header-above-stick-meta":"","header-main-stick-meta":"","header-below-stick-meta":"","astra-migrate-meta-layouts":"default","ast-page-background-enabled":"default","ast-page-background-meta":{"desktop":{"background-color":"var(--ast-global-color-4)","background-image":"","background-repeat":"repeat","background-position":"center center","background-size":"auto","background-attachment":"scroll","background-type":"","background-media":"","overlay-type":"","overlay-color":"","overlay-opacity":"","overlay-gradient":""},"tablet":{"background-color":"","background-image":"","background-repeat":"repeat","background-position":"center center","background-size":"auto","background-attachment":"scroll","background-type":"","background-media":"","overlay-type":"","overlay-color":"","overlay-opacity":"","overlay-gradient":""},"mobile":{"background-color":"","background-image":"","background-repeat":"repeat","background-position":"center center","background-size":"auto","background-attachment":"scroll","background-type":"","background-media":"","overlay-type":"","overlay-color":"","overlay-opacity":"","overlay-gradient":""}},"ast-content-background-meta":{"desktop":{"background-color":"var(--ast-global-color-5)","background-image":"","background-repeat":"repeat","background-position":"center center","background-size":"auto","background-attachment":"scroll","background-type":"","background-media":"","overlay-type":"","overlay-color":"","overlay-opacity":"","overlay-gradient":""},"tablet":{"background-color":"var(--ast-global-color-5)","background-image":"","background-repeat":"repeat","background-position":"center center","background-size":"auto","background-attachment":"scroll","background-type":"","background-media":"","overlay-type":"","overlay-color":"","overlay-opacity":"","overlay-gradient":""},"mobile":{"background-color":"var(--ast-global-color-5)","background-image":"","background-repeat":"repeat","background-position":"center center","background-size":"auto","background-attachment":"scroll","background-type":"","background-media":"","overlay-type":"","overlay-color":"","overlay-opacity":"","overlay-gradient":""}},"footnotes":""},"class_list":["post-51","page","type-page","status-publish","hentry"],"_links":{"self":[{"href":"http:\/\/immaginedelmito.com\/index.php?rest_route=\/wp\/v2\/pages\/51","targetHints":{"allow":["GET"]}}],"collection":[{"href":"http:\/\/immaginedelmito.com\/index.php?rest_route=\/wp\/v2\/pages"}],"about":[{"href":"http:\/\/immaginedelmito.com\/index.php?rest_route=\/wp\/v2\/types\/page"}],"author":[{"embeddable":true,"href":"http:\/\/immaginedelmito.com\/index.php?rest_route=\/wp\/v2\/users\/1"}],"replies":[{"embeddable":true,"href":"http:\/\/immaginedelmito.com\/index.php?rest_route=%2Fwp%2Fv2%2Fcomments&post=51"}],"version-history":[{"count":18,"href":"http:\/\/immaginedelmito.com\/index.php?rest_route=\/wp\/v2\/pages\/51\/revisions"}],"predecessor-version":[{"id":183,"href":"http:\/\/immaginedelmito.com\/index.php?rest_route=\/wp\/v2\/pages\/51\/revisions\/183"}],"wp:attachment":[{"href":"http:\/\/immaginedelmito.com\/index.php?rest_route=%2Fwp%2Fv2%2Fmedia&parent=51"}],"curies":[{"name":"wp","href":"https:\/\/api.w.org\/{rel}","templated":true}]}}